{"id":3587,"date":"2024-10-04T09:28:41","date_gmt":"2024-10-04T15:28:41","guid":{"rendered":"https:\/\/98.82.204.26\/?page_id=3587"},"modified":"2026-04-06T10:17:56","modified_gmt":"2026-04-06T16:17:56","slug":"empleo","status":"publish","type":"page","link":"https:\/\/ar-holdings.com\/es\/empleo\/","title":{"rendered":"\u00danase a nosotros"},"content":{"rendered":"\t\t<div data-elementor-type=\"wp-page\" data-elementor-id=\"3587\" class=\"elementor elementor-3587\" data-elementor-post-type=\"page\">\n\t\t\t\t\t\t<section class=\"elementor-section elementor-top-section elementor-element elementor-element-1711ca5e elementor-section-content-middle elementor-section-height-min-height elementor-section-full_width elementor-hidden-mobile elementor-section-height-default elementor-section-items-middle\" data-id=\"1711ca5e\" data-element_type=\"section\" data-e-type=\"section\" data-settings=\"{&quot;background_background&quot;:&quot;classic&quot;}\">\n\t\t\t\t\t\t\t<div class=\"elementor-background-overlay\"><\/div>\n\t\t\t\t\t\t\t<div class=\"elementor-container elementor-column-gap-custom\">\n\t\t\t\t\t<div class=\"elementor-column elementor-col-100 elementor-top-column elementor-element elementor-element-71b1b097\" data-id=\"71b1b097\" data-element_type=\"column\" data-e-type=\"column\">\n\t\t\t<div class=\"elementor-widget-wrap elementor-element-populated\">\n\t\t\t\t\t\t<div class=\"elementor-element elementor-element-2c93429e elementor-widget elementor-widget-heading\" data-id=\"2c93429e\" data-element_type=\"widget\" data-e-type=\"widget\" data-widget_type=\"heading.default\">\n\t\t\t\t<div class=\"elementor-widget-container\">\n\t\t\t\t\t<p class=\"elementor-heading-title elementor-size-default\">crezcamos juntos<\/p>\t\t\t\t<\/div>\n\t\t\t\t<\/div>\n\t\t\t\t\t<\/div>\n\t\t<\/div>\n\t\t\t\t\t<\/div>\n\t\t<\/section>\n\t\t\t\t<section class=\"elementor-section elementor-top-section elementor-element elementor-element-c98be02 elementor-section-content-middle elementor-section-height-min-height elementor-section-full_width elementor-hidden-desktop elementor-hidden-tablet elementor-section-height-default elementor-section-items-middle\" data-id=\"c98be02\" data-element_type=\"section\" data-e-type=\"section\" data-settings=\"{&quot;background_background&quot;:&quot;classic&quot;}\">\n\t\t\t\t\t\t\t<div class=\"elementor-background-overlay\"><\/div>\n\t\t\t\t\t\t\t<div class=\"elementor-container elementor-column-gap-wider\">\n\t\t\t\t\t<div class=\"elementor-column elementor-col-100 elementor-top-column elementor-element elementor-element-3557b78\" data-id=\"3557b78\" data-element_type=\"column\" data-e-type=\"column\">\n\t\t\t<div class=\"elementor-widget-wrap elementor-element-populated\">\n\t\t\t\t\t\t<div class=\"elementor-element elementor-element-fbcda00 elementor-widget elementor-widget-heading\" data-id=\"fbcda00\" data-element_type=\"widget\" data-e-type=\"widget\" data-widget_type=\"heading.default\">\n\t\t\t\t<div class=\"elementor-widget-container\">\n\t\t\t\t\t<p class=\"elementor-heading-title elementor-size-default\">crezcamos juntos<\/p>\t\t\t\t<\/div>\n\t\t\t\t<\/div>\n\t\t\t\t\t<\/div>\n\t\t<\/div>\n\t\t\t\t\t<\/div>\n\t\t<\/section>\n\t\t\t\t<section class=\"elementor-section elementor-top-section elementor-element elementor-element-b920486 elementor-section-boxed elementor-section-height-default elementor-section-height-default\" data-id=\"b920486\" data-element_type=\"section\" data-e-type=\"section\">\n\t\t\t\t\t\t<div class=\"elementor-container elementor-column-gap-default\">\n\t\t\t\t\t<div class=\"elementor-column elementor-col-100 elementor-top-column elementor-element elementor-element-a9ff014\" data-id=\"a9ff014\" data-element_type=\"column\" data-e-type=\"column\">\n\t\t\t<div class=\"elementor-widget-wrap elementor-element-populated\">\n\t\t\t\t\t\t<div class=\"elementor-element elementor-element-53824c4 elementor-widget elementor-widget-shortcode\" data-id=\"53824c4\" data-element_type=\"widget\" data-e-type=\"widget\" data-widget_type=\"shortcode.default\">\n\t\t\t\t<div class=\"elementor-widget-container\">\n\t\t\t\t\t\t\t<div class=\"elementor-shortcode\">        <div class=\"formulario-empleo-container\">\r\n            <style>\r\n                .formulario-empleo-container .container {\r\n                    max-width: 1200px;\r\n                    margin: auto;\r\n                    padding: 20px;\r\n                    display: flex;\r\n                    gap: 20px;\r\n                }\r\n                .formulario-empleo-container .info { flex: 1; }\r\n                .formulario-empleo-container .info h1 { color: #0056b3; }\r\n                .formulario-empleo-container .info p { color: #333; }\r\n                .formulario-empleo-container .form-container { flex: 1; position: relative; }\r\n                .formulario-empleo-container form { display: flex; flex-direction: column; gap: 20px; }\r\n                .formulario-empleo-container .form-row { display: flex; flex-direction: column; }\r\n                .formulario-empleo-container label {\r\n                    height: 32px; padding: 0 0 8px; position: relative;\r\n                    display: inline-flex; align-items: center;\r\n                    max-width: 100%; color: rgba(0,0,0,.85); font-size: 16px;\r\n                }\r\n                .formulario-empleo-container label.required::before { content: \"* \"; color: #ff4d4f; }\r\n                .formulario-empleo-container input {\r\n                    padding: 10px !important; font-size: 14px !important;\r\n                    border: 1px solid #ccc !important; border-radius: 4px !important; margin: 0 0 12px 0;\r\n                }\r\n                .formulario-empleo-container .error-message { color: #ff4d4f; font-size: 12px; display: none; }\r\n                .formulario-empleo-container .submitsend {\r\n                    display: flex; align-items: center; justify-content: center;\r\n                    border-radius: 5px; font-weight: 600; font-size: 14px;\r\n                    background: rgb(0,74,152) !important; color: #fff; border: none; padding: 12px !important;\r\n                    transition: 0.1s ease-in-out;\r\n                }\r\n                .formulario-empleo-container .submitsend:hover { background-color: #004494 !important; }\r\n                .formulario-empleo-container .submitsend:active { background-color: #003366 !important; }\r\n                .formulario-empleo-container input[type=\"file\"] { display: none; }\r\n                .formulario-empleo-container .custom-upload {\r\n                    color: rgb(97,97,97); padding: 8px 16px; border: 1px solid rgb(178,178,178);\r\n                    border-radius: 5px; margin-bottom: 16px; cursor: pointer;\r\n                }\r\n                .formulario-empleo-container .custom-upload:hover { background-color: #d1dbe6; }\r\n                .formulario-empleo-container .select-container { max-width: 100%; margin: 0 0 12px 0; }\r\n\r\n                \/* Select2 overrides *\/\r\n                .formulario-empleo-container .select2-container { width: 100% !important; }\r\n                .formulario-empleo-container .select2-container--default .select2-selection--single,\r\n                .formulario-empleo-container .select2-container--default .select2-selection--multiple {\r\n                    border: 1px solid #d9d9d9 !important; border-radius: 4px !important; min-height: 38px !important;\r\n                }\r\n                .formulario-empleo-container .select2-container--default .select2-selection--single .select2-selection__rendered {\r\n                    line-height: 36px !important;\r\n                }\r\n                .formulario-empleo-container .select2-container--default .select2-selection--single .select2-selection__arrow {\r\n                    height: 36px !important;\r\n                }\r\n                .formulario-empleo-container .select2-container--default .select2-selection--multiple .select2-selection__choice {\r\n                    background-color: #f0f0f0 !important; color: #333 !important;\r\n                    border: 1px solid #d9d9d9 !important; border-radius: 4px !important;\r\n                    padding: 4px 8px !important; margin-top: 4px !important;\r\n                }\r\n                .formulario-empleo-container .select2-container--default .select2-selection--multiple .select2-selection__choice__remove {\r\n                    margin-right: 4px; color: #999;\r\n                }\r\n                .formulario-empleo-container .select2-container--default .select2-selection--multiple .select2-selection__choice__remove:hover {\r\n                    color: #e74c3c;\r\n                }\r\n                .formulario-empleo-container .select2-container--default .select2-search--inline .select2-search__field {\r\n                    padding: 4px; min-width: 100px;\r\n                }\r\n\r\n                .formulario-empleo-container #thankYouMessage {\r\n                    display: none; padding-left: 12px; padding-right: 12px;\r\n                    flex: 0 0 41.66666667%; max-width: 41.66666667%;\r\n                }\r\n                .formulario-empleo-container .color-arh_gris_oscuro { color: rgb(51,51,51); font-weight: bold; font-size: 32px; }\r\n                .formulario-empleo-container .p_text { color: rgb(51,51,51); font-size: 16px; font-weight: 400; }\r\n                .formulario-empleo-container .overlay {\r\n                    position: absolute; top: 0; left: 0; width: 100%; height: 100%;\r\n                    background: rgba(255,255,255,0.7); display: flex;\r\n                    align-items: center; justify-content: center; z-index: 10; border-radius: 4px;\r\n                }\r\n                .formulario-empleo-container .spinner {\r\n                    width: 40px; height: 40px; border: 4px solid rgba(0,74,152,0.3);\r\n                    border-top-color: #004a98; border-radius: 50%; animation: spin 1s linear infinite;\r\n                }\r\n                @keyframes spin { to { transform: rotate(360deg); } }\r\n                @media (max-width: 768px) {\r\n                    .formulario-empleo-container .container { flex-direction: column; }\r\n                    .formulario-empleo-container .info { order: 1; }\r\n                    .formulario-empleo-container .form-container { order: 2; width: 100%; }\r\n                    .formulario-empleo-container #thankYouMessage { order: 3; max-width: none; }\r\n                }\r\n            <\/style>\r\n\r\n            <div class=\"container\">\r\n                <div class=\"info\">\r\n                    <h1>Crezcamos Juntos<\/h1>\r\n                    <p>Buscamos personas apasionadas, \u00e1vidas por aprender y de permanecer en constante crecimiento.\r\n                    Aplic\u00e1 para ser parte de los m\u00e1s de 1,700 colaboradores comprometidos a generar valor en la\r\n                    regi\u00f3n, de manera responsable y sostenible con franquicias de prestigiosas marcas internacionales.\r\n                    Nuestro entorno optimiza, posibilita y respalda tus ambiciones y expectativas.<\/p>\r\n                <\/div>\r\n                <div class=\"form-container\">\r\n                    <div id=\"overlay\" class=\"overlay\" style=\"display:none;\"><div class=\"spinner\"><\/div><\/div>\r\n                    <form id=\"employmentForm\" novalidate><\/form>\r\n                <\/div>\r\n                <div id=\"thankYouMessage\">\r\n                    <h2 class=\"color-arh_gris_oscuro\">\u00a1Muchas gracias por su inter\u00e9s!<\/h2>\r\n                    <p class=\"p_text\">En breve, un agente se pondr\u00e1 en contacto con usted. De momento pod\u00e9s continuar explorando nuestro sitio web.<\/p>\r\n                    <a href=\"\/\"><button class=\"submitsend\">Continuar Explorando<\/button><\/a>\r\n                <\/div>\r\n            <\/div>\r\n        <\/div>\r\n        <\/div>\n\t\t\t\t\t\t<\/div>\n\t\t\t\t<\/div>\n\t\t\t\t\t<\/div>\n\t\t<\/div>\n\t\t\t\t\t<\/div>\n\t\t<\/section>\n\t\t\t\t<section class=\"elementor-section elementor-top-section elementor-element elementor-element-72e219a elementor-hidden-mobile elementor-section-boxed elementor-section-height-default elementor-section-height-default\" data-id=\"72e219a\" data-element_type=\"section\" data-e-type=\"section\">\n\t\t\t\t\t\t<div class=\"elementor-container elementor-column-gap-default\">\n\t\t\t\t\t<div class=\"elementor-column elementor-col-100 elementor-top-column elementor-element elementor-element-f946bfe\" data-id=\"f946bfe\" data-element_type=\"column\" data-e-type=\"column\">\n\t\t\t<div class=\"elementor-widget-wrap elementor-element-populated\">\n\t\t\t\t\t\t<div class=\"elementor-element elementor-element-001000f elementor-hidden-desktop elementor-hidden-tablet elementor-hidden-mobile elementor-widget elementor-widget-html\" data-id=\"001000f\" data-element_type=\"widget\" data-e-type=\"widget\" data-widget_type=\"html.default\">\n\t\t\t\t<div class=\"elementor-widget-container\">\n\t\t\t\t\t<!DOCTYPE html>\r\n<html lang=\"es\">\r\n\r\n<head>\r\n    <meta charset=\"UTF-8\">\r\n    <meta name=\"viewport\" content=\"width=device-width, initial-scale=1.0\">\r\n    <title>Formulario de Empleo<\/title>\r\n\r\n    <link href=\"https:\/\/cdnjs.cloudflare.com\/ajax\/libs\/select2\/4.0.13\/css\/select2.min.css\" rel=\"stylesheet\" \/>\r\n\r\n    \r\n<\/head>\r\n\r\n<body>\r\n    <div class=\"container\">\r\n        <div class=\"info\">\r\n            <h1>Crezcamos Juntos<\/h1>\r\n            <p>\r\n                Buscamos personas apasionadas, \u00e1vidas por aprender y de permanecer en constante crecimiento.\r\n                Aplic\u00e1 para ser parte de los m\u00e1s de 1,700 colaboradores comprometidos a generar valor en la\r\n                regi\u00f3n, de manera responsable y sostenible con franquicias de prestigiosas marcas internacionales.\r\n                Nuestro entorno optimiza, posibilita y respalda tus ambiciones y expectativas.\r\n            <\/p>\r\n        <\/div>\r\n        <div class=\"form-container\">\r\n            <div id=\"overlay\" class=\"overlay\" style=\"display: none;\">\r\n                <div class=\"spinner\"><\/div>\r\n            <\/div>\r\n            <form id=\"employmentForm\" novalidate>\r\n            <\/form>\r\n        <\/div>\r\n        <div id=\"thankYouMessage\">\r\n            <h2 class=\"color-arh_gris_oscuro\">\u00a1Muchas gracias por su inter\u00e9s!<\/h2>\r\n            <p class=\"p_text\">\r\n                En breve, un agente se pondr\u00e1 en contacto con usted. De momento pod\u00e9s continuar explorando nuestro sitio\r\n                web.\r\n            <\/p>\r\n            <a href=\"\/\">\r\n                <button class=\"submitsend\">Continuar Explorando<\/button>\r\n            <\/a>\r\n        <\/div>\r\n        <script src=\"https:\/\/code.jquery.com\/jquery-3.6.0.min.js\"><\/script>\r\n    <script src=\"https:\/\/cdnjs.cloudflare.com\/ajax\/libs\/select2\/4.0.13\/js\/select2.min.js\"><\/script>\r\n    <\/div>\r\n\r\n    \r\n<\/body>\r\n\r\n<\/html>\t\t\t\t<\/div>\n\t\t\t\t<\/div>\n\t\t\t\t\t<\/div>\n\t\t<\/div>\n\t\t\t\t\t<\/div>\n\t\t<\/section>\n\t\t\t\t<\/div>\n\t\t","protected":false},"excerpt":{"rendered":"<p>crezcamos juntos crezcamos juntos Formulario de Empleo Crezcamos Juntos Buscamos personas apasionadas, \u00e1vidas por aprender y de permanecer en constante crecimiento. Aplic\u00e1 para ser parte de los m\u00e1s de 1,700 colaboradores comprometidos a generar valor en la regi\u00f3n, de manera responsable y sostenible con franquicias de prestigiosas marcas internacionales. Nuestro entorno optimiza, posibilita y respalda [&hellip;]<\/p>\n","protected":false},"author":1,"featured_media":0,"parent":0,"menu_order":0,"comment_status":"closed","ping_status":"closed","template":"","meta":{"footnotes":""},"class_list":["post-3587","page","type-page","status-publish","hentry"],"yoast_head":"<!-- This site is optimized with the Yoast SEO plugin v27.4 - https:\/\/yoast.com\/product\/yoast-seo-wordpress\/ -->\n<title>\u00danase a nosotros - AR Holdings<\/title>\n<meta name=\"robots\" content=\"index, follow, max-snippet:-1, max-image-preview:large, max-video-preview:-1\" \/>\n<link rel=\"canonical\" href=\"https:\/\/ar-holdings.com\/es\/empleo\/\" \/>\n<meta property=\"og:locale\" content=\"es_ES\" \/>\n<meta property=\"og:type\" content=\"article\" \/>\n<meta property=\"og:title\" content=\"\u00danase a nosotros - AR Holdings\" \/>\n<meta property=\"og:description\" content=\"crezcamos juntos crezcamos juntos Formulario de Empleo Crezcamos Juntos Buscamos personas apasionadas, \u00e1vidas por aprender y de permanecer en constante crecimiento. Aplic\u00e1 para ser parte de los m\u00e1s de 1,700 colaboradores comprometidos a generar valor en la regi\u00f3n, de manera responsable y sostenible con franquicias de prestigiosas marcas internacionales. Nuestro entorno optimiza, posibilita y respalda [&hellip;]\" \/>\n<meta property=\"og:url\" content=\"https:\/\/ar-holdings.com\/es\/empleo\/\" \/>\n<meta property=\"og:site_name\" content=\"AR Holdings\" \/>\n<meta property=\"article:publisher\" content=\"https:\/\/www.facebook.com\/JohnnyRocketsCR\/\" \/>\n<meta property=\"article:modified_time\" content=\"2026-04-06T16:17:56+00:00\" \/>\n<meta name=\"twitter:card\" content=\"summary_large_image\" \/>\n<meta name=\"twitter:label1\" content=\"Tiempo de lectura\" \/>\n\t<meta name=\"twitter:data1\" content=\"1 minuto\" \/>\n<script type=\"application\/ld+json\" class=\"yoast-schema-graph\">{\"@context\":\"https:\\\/\\\/schema.org\",\"@graph\":[{\"@type\":\"WebPage\",\"@id\":\"https:\\\/\\\/ar-holdings.com\\\/empleo\\\/\",\"url\":\"https:\\\/\\\/ar-holdings.com\\\/empleo\\\/\",\"name\":\"\u00danase a nosotros - AR Holdings\",\"isPartOf\":{\"@id\":\"https:\\\/\\\/ar-holdings.com\\\/es_es\\\/#website\"},\"datePublished\":\"2024-10-04T15:28:41+00:00\",\"dateModified\":\"2026-04-06T16:17:56+00:00\",\"breadcrumb\":{\"@id\":\"https:\\\/\\\/ar-holdings.com\\\/empleo\\\/#breadcrumb\"},\"inLanguage\":\"es\",\"potentialAction\":[{\"@type\":\"ReadAction\",\"target\":[\"https:\\\/\\\/ar-holdings.com\\\/empleo\\\/\"]}]},{\"@type\":\"BreadcrumbList\",\"@id\":\"https:\\\/\\\/ar-holdings.com\\\/empleo\\\/#breadcrumb\",\"itemListElement\":[{\"@type\":\"ListItem\",\"position\":1,\"name\":\"Portada\",\"item\":\"https:\\\/\\\/ar-holdings.com\\\/\"},{\"@type\":\"ListItem\",\"position\":2,\"name\":\"\u00danase a nosotros\"}]},{\"@type\":\"WebSite\",\"@id\":\"https:\\\/\\\/ar-holdings.com\\\/es_es\\\/#website\",\"url\":\"https:\\\/\\\/ar-holdings.com\\\/es_es\\\/\",\"name\":\"AR Holdings\",\"description\":\"\",\"publisher\":{\"@id\":\"https:\\\/\\\/ar-holdings.com\\\/es_es\\\/#organization\"},\"potentialAction\":[{\"@type\":\"SearchAction\",\"target\":{\"@type\":\"EntryPoint\",\"urlTemplate\":\"https:\\\/\\\/ar-holdings.com\\\/es_es\\\/?s={search_term_string}\"},\"query-input\":{\"@type\":\"PropertyValueSpecification\",\"valueRequired\":true,\"valueName\":\"search_term_string\"}}],\"inLanguage\":\"es\"},{\"@type\":\"Organization\",\"@id\":\"https:\\\/\\\/ar-holdings.com\\\/es_es\\\/#organization\",\"name\":\"AR Holdings\",\"url\":\"https:\\\/\\\/ar-holdings.com\\\/es_es\\\/\",\"logo\":{\"@type\":\"ImageObject\",\"inLanguage\":\"es\",\"@id\":\"https:\\\/\\\/ar-holdings.com\\\/es_es\\\/#\\\/schema\\\/logo\\\/image\\\/\",\"url\":\"https:\\\/\\\/ar-holdings.com\\\/wp-content\\\/uploads\\\/2023\\\/05\\\/ARH-Logo-Gradiente-01-1.png\",\"contentUrl\":\"https:\\\/\\\/ar-holdings.com\\\/wp-content\\\/uploads\\\/2023\\\/05\\\/ARH-Logo-Gradiente-01-1.png\",\"width\":1176,\"height\":293,\"caption\":\"AR Holdings\"},\"image\":{\"@id\":\"https:\\\/\\\/ar-holdings.com\\\/es_es\\\/#\\\/schema\\\/logo\\\/image\\\/\"},\"sameAs\":[\"https:\\\/\\\/www.facebook.com\\\/JohnnyRocketsCR\\\/\",\"https:\\\/\\\/www.instagram.com\\\/johnnyrockets_cr\\\/?hl=en\"]}]}<\/script>\n<!-- \/ Yoast SEO plugin. -->","yoast_head_json":{"title":"\u00danase a nosotros - AR Holdings","robots":{"index":"index","follow":"follow","max-snippet":"max-snippet:-1","max-image-preview":"max-image-preview:large","max-video-preview":"max-video-preview:-1"},"canonical":"https:\/\/ar-holdings.com\/es\/empleo\/","og_locale":"es_ES","og_type":"article","og_title":"\u00danase a nosotros - AR Holdings","og_description":"crezcamos juntos crezcamos juntos Formulario de Empleo Crezcamos Juntos Buscamos personas apasionadas, \u00e1vidas por aprender y de permanecer en constante crecimiento. Aplic\u00e1 para ser parte de los m\u00e1s de 1,700 colaboradores comprometidos a generar valor en la regi\u00f3n, de manera responsable y sostenible con franquicias de prestigiosas marcas internacionales. Nuestro entorno optimiza, posibilita y respalda [&hellip;]","og_url":"https:\/\/ar-holdings.com\/es\/empleo\/","og_site_name":"AR Holdings","article_publisher":"https:\/\/www.facebook.com\/JohnnyRocketsCR\/","article_modified_time":"2026-04-06T16:17:56+00:00","twitter_card":"summary_large_image","twitter_misc":{"Tiempo de lectura":"1 minuto"},"schema":{"@context":"https:\/\/schema.org","@graph":[{"@type":"WebPage","@id":"https:\/\/ar-holdings.com\/empleo\/","url":"https:\/\/ar-holdings.com\/empleo\/","name":"\u00danase a nosotros - AR Holdings","isPartOf":{"@id":"https:\/\/ar-holdings.com\/es_es\/#website"},"datePublished":"2024-10-04T15:28:41+00:00","dateModified":"2026-04-06T16:17:56+00:00","breadcrumb":{"@id":"https:\/\/ar-holdings.com\/empleo\/#breadcrumb"},"inLanguage":"es","potentialAction":[{"@type":"ReadAction","target":["https:\/\/ar-holdings.com\/empleo\/"]}]},{"@type":"BreadcrumbList","@id":"https:\/\/ar-holdings.com\/empleo\/#breadcrumb","itemListElement":[{"@type":"ListItem","position":1,"name":"Portada","item":"https:\/\/ar-holdings.com\/"},{"@type":"ListItem","position":2,"name":"\u00danase a nosotros"}]},{"@type":"WebSite","@id":"https:\/\/ar-holdings.com\/es_es\/#website","url":"https:\/\/ar-holdings.com\/es_es\/","name":"AR Holdings","description":"","publisher":{"@id":"https:\/\/ar-holdings.com\/es_es\/#organization"},"potentialAction":[{"@type":"SearchAction","target":{"@type":"EntryPoint","urlTemplate":"https:\/\/ar-holdings.com\/es_es\/?s={search_term_string}"},"query-input":{"@type":"PropertyValueSpecification","valueRequired":true,"valueName":"search_term_string"}}],"inLanguage":"es"},{"@type":"Organization","@id":"https:\/\/ar-holdings.com\/es_es\/#organization","name":"AR Holdings","url":"https:\/\/ar-holdings.com\/es_es\/","logo":{"@type":"ImageObject","inLanguage":"es","@id":"https:\/\/ar-holdings.com\/es_es\/#\/schema\/logo\/image\/","url":"https:\/\/ar-holdings.com\/wp-content\/uploads\/2023\/05\/ARH-Logo-Gradiente-01-1.png","contentUrl":"https:\/\/ar-holdings.com\/wp-content\/uploads\/2023\/05\/ARH-Logo-Gradiente-01-1.png","width":1176,"height":293,"caption":"AR Holdings"},"image":{"@id":"https:\/\/ar-holdings.com\/es_es\/#\/schema\/logo\/image\/"},"sameAs":["https:\/\/www.facebook.com\/JohnnyRocketsCR\/","https:\/\/www.instagram.com\/johnnyrockets_cr\/?hl=en"]}]}},"_links":{"self":[{"href":"https:\/\/ar-holdings.com\/es\/wp-json\/wp\/v2\/pages\/3587","targetHints":{"allow":["GET"]}}],"collection":[{"href":"https:\/\/ar-holdings.com\/es\/wp-json\/wp\/v2\/pages"}],"about":[{"href":"https:\/\/ar-holdings.com\/es\/wp-json\/wp\/v2\/types\/page"}],"author":[{"embeddable":true,"href":"https:\/\/ar-holdings.com\/es\/wp-json\/wp\/v2\/users\/1"}],"replies":[{"embeddable":true,"href":"https:\/\/ar-holdings.com\/es\/wp-json\/wp\/v2\/comments?post=3587"}],"version-history":[{"count":120,"href":"https:\/\/ar-holdings.com\/es\/wp-json\/wp\/v2\/pages\/3587\/revisions"}],"predecessor-version":[{"id":5830,"href":"https:\/\/ar-holdings.com\/es\/wp-json\/wp\/v2\/pages\/3587\/revisions\/5830"}],"wp:attachment":[{"href":"https:\/\/ar-holdings.com\/es\/wp-json\/wp\/v2\/media?parent=3587"}],"curies":[{"name":"wp","href":"https:\/\/api.w.org\/{rel}","templated":true}]}}