{"id":3585,"date":"2024-10-04T09:28:41","date_gmt":"2024-10-04T15:28:41","guid":{"rendered":"https:\/\/98.82.204.26\/?page_id=3585"},"modified":"2024-12-04T11:50:07","modified_gmt":"2024-12-04T17:50:07","slug":"presencia","status":"publish","type":"page","link":"https:\/\/ar-holdings.com\/en\/presencia\/","title":{"rendered":"Presence"},"content":{"rendered":"<div data-elementor-type=\"wp-page\" data-elementor-id=\"3585\" class=\"elementor elementor-3585\" data-elementor-post-type=\"page\">\n\t\t\t\t\t\t<section class=\"elementor-section elementor-top-section elementor-element elementor-element-2291685b elementor-section-content-middle elementor-section-height-min-height elementor-hidden-mobile elementor-section-boxed elementor-section-height-default elementor-section-items-middle\" data-id=\"2291685b\" data-element_type=\"section\" data-e-type=\"section\" data-settings=\"{&quot;background_background&quot;:&quot;classic&quot;}\">\n\t\t\t\t\t\t\t<div class=\"elementor-background-overlay\"><\/div>\n\t\t\t\t\t\t\t<div class=\"elementor-container elementor-column-gap-default\">\n\t\t\t\t\t<div class=\"elementor-column elementor-col-100 elementor-top-column elementor-element elementor-element-6c5e7ef4\" data-id=\"6c5e7ef4\" data-element_type=\"column\" data-e-type=\"column\">\n\t\t\t<div class=\"elementor-widget-wrap elementor-element-populated\">\n\t\t\t\t\t\t<div class=\"elementor-element elementor-element-1c09b7b0 elementor-widget-tablet__width-initial elementor-widget elementor-widget-heading\" data-id=\"1c09b7b0\" data-element_type=\"widget\" data-e-type=\"widget\" data-widget_type=\"heading.default\">\n\t\t\t\t<div class=\"elementor-widget-container\">\n\t\t\t\t\t<p class=\"elementor-heading-title elementor-size-default\">PRESENCE<\/p>\t\t\t\t<\/div>\n\t\t\t\t<\/div>\n\t\t\t\t\t<\/div>\n\t\t<\/div>\n\t\t\t\t\t<\/div>\n\t\t<\/section>\n\t\t\t\t<section class=\"elementor-section elementor-top-section elementor-element elementor-element-ad0625b elementor-section-content-middle elementor-section-height-min-height elementor-hidden-desktop elementor-hidden-tablet elementor-section-full_width elementor-section-height-default elementor-section-items-middle\" data-id=\"ad0625b\" data-element_type=\"section\" data-e-type=\"section\" data-settings=\"{&quot;background_background&quot;:&quot;classic&quot;}\">\n\t\t\t\t\t\t\t<div class=\"elementor-background-overlay\"><\/div>\n\t\t\t\t\t\t\t<div class=\"elementor-container elementor-column-gap-default\">\n\t\t\t\t\t<div class=\"elementor-column elementor-col-100 elementor-top-column elementor-element elementor-element-cdbaa72\" data-id=\"cdbaa72\" data-element_type=\"column\" data-e-type=\"column\">\n\t\t\t<div class=\"elementor-widget-wrap elementor-element-populated\">\n\t\t\t\t\t\t<div class=\"elementor-element elementor-element-52779c6 elementor-widget elementor-widget-heading\" data-id=\"52779c6\" data-element_type=\"widget\" data-e-type=\"widget\" data-widget_type=\"heading.default\">\n\t\t\t\t<div class=\"elementor-widget-container\">\n\t\t\t\t\t<p class=\"elementor-heading-title elementor-size-default\">PRESENCE<\/p>\t\t\t\t<\/div>\n\t\t\t\t<\/div>\n\t\t\t\t\t<\/div>\n\t\t<\/div>\n\t\t\t\t\t<\/div>\n\t\t<\/section>\n\t\t\t\t<section class=\"elementor-section elementor-top-section elementor-element elementor-element-a3d8595 elementor-section-full_width elementor-section-content-middle elementor-hidden-desktop elementor-hidden-tablet elementor-section-height-default elementor-section-height-default\" data-id=\"a3d8595\" data-element_type=\"section\" data-e-type=\"section\">\n\t\t\t\t\t\t<div class=\"elementor-container elementor-column-gap-default\">\n\t\t\t\t\t<div class=\"elementor-column elementor-col-33 elementor-top-column elementor-element elementor-element-5ae87c7\" data-id=\"5ae87c7\" data-element_type=\"column\" data-e-type=\"column\">\n\t\t\t<div class=\"elementor-widget-wrap elementor-element-populated\">\n\t\t\t\t\t\t<div class=\"elementor-element elementor-element-2337189 elementor-widget-divider--view-line elementor-widget elementor-widget-divider\" data-id=\"2337189\" data-element_type=\"widget\" data-e-type=\"widget\" data-widget_type=\"divider.default\">\n\t\t\t\t<div class=\"elementor-widget-container\">\n\t\t\t\t\t\t\t<div class=\"elementor-divider\">\n\t\t\t<span class=\"elementor-divider-separator\">\n\t\t\t\t\t\t<\/span>\n\t\t<\/div>\n\t\t\t\t\t\t<\/div>\n\t\t\t\t<\/div>\n\t\t\t\t\t<\/div>\n\t\t<\/div>\n\t\t\t\t<div class=\"elementor-column elementor-col-33 elementor-top-column elementor-element elementor-element-a1fb909\" data-id=\"a1fb909\" data-element_type=\"column\" data-e-type=\"column\">\n\t\t\t<div class=\"elementor-widget-wrap elementor-element-populated\">\n\t\t\t\t\t\t<div class=\"elementor-element elementor-element-6f84629 elementor-hidden-desktop elementor-hidden-tablet elementor-widget elementor-widget-heading\" data-id=\"6f84629\" data-element_type=\"widget\" data-e-type=\"widget\" data-widget_type=\"heading.default\">\n\t\t\t\t<div class=\"elementor-widget-container\">\n\t\t\t\t\t<h2 class=\"elementor-heading-title elementor-size-default\">COSTA RICA - GUATEMALA - PANAMA  <br> \nEL SALVADOR - ECUADOR  <br>  Dominican Republic <\/h2>\t\t\t\t<\/div>\n\t\t\t\t<\/div>\n\t\t\t\t\t<\/div>\n\t\t<\/div>\n\t\t\t\t<div class=\"elementor-column elementor-col-33 elementor-top-column elementor-element elementor-element-192fa49\" data-id=\"192fa49\" data-element_type=\"column\" data-e-type=\"column\">\n\t\t\t<div class=\"elementor-widget-wrap elementor-element-populated\">\n\t\t\t\t\t\t<div class=\"elementor-element elementor-element-164c935 elementor-widget-divider--view-line elementor-widget elementor-widget-divider\" data-id=\"164c935\" data-element_type=\"widget\" data-e-type=\"widget\" data-widget_type=\"divider.default\">\n\t\t\t\t<div class=\"elementor-widget-container\">\n\t\t\t\t\t\t\t<div class=\"elementor-divider\">\n\t\t\t<span class=\"elementor-divider-separator\">\n\t\t\t\t\t\t<\/span>\n\t\t<\/div>\n\t\t\t\t\t\t<\/div>\n\t\t\t\t<\/div>\n\t\t\t\t\t<\/div>\n\t\t<\/div>\n\t\t\t\t\t<\/div>\n\t\t<\/section>\n\t\t\t\t<section class=\"elementor-section elementor-top-section elementor-element elementor-element-70cbee3 elementor-section-content-middle elementor-hidden-mobile elementor-section-full_width elementor-section-height-default elementor-section-height-default\" data-id=\"70cbee3\" data-element_type=\"section\" data-e-type=\"section\">\n\t\t\t\t\t\t<div class=\"elementor-container elementor-column-gap-narrow\">\n\t\t\t\t\t<div class=\"elementor-column elementor-col-33 elementor-top-column elementor-element elementor-element-a5d224d\" data-id=\"a5d224d\" data-element_type=\"column\" data-e-type=\"column\">\n\t\t\t<div class=\"elementor-widget-wrap elementor-element-populated\">\n\t\t\t\t\t\t<div class=\"elementor-element elementor-element-8217fca elementor-widget-divider--view-line elementor-widget elementor-widget-divider\" data-id=\"8217fca\" data-element_type=\"widget\" data-e-type=\"widget\" data-widget_type=\"divider.default\">\n\t\t\t\t<div class=\"elementor-widget-container\">\n\t\t\t\t\t\t\t<div class=\"elementor-divider\">\n\t\t\t<span class=\"elementor-divider-separator\">\n\t\t\t\t\t\t<\/span>\n\t\t<\/div>\n\t\t\t\t\t\t<\/div>\n\t\t\t\t<\/div>\n\t\t\t\t\t<\/div>\n\t\t<\/div>\n\t\t\t\t<div class=\"elementor-column elementor-col-33 elementor-top-column elementor-element elementor-element-70a0d4a\" data-id=\"70a0d4a\" data-element_type=\"column\" data-e-type=\"column\">\n\t\t\t<div class=\"elementor-widget-wrap elementor-element-populated\">\n\t\t\t\t\t\t<div class=\"elementor-element elementor-element-0e31d9f elementor-hidden-mobile elementor-widget-tablet__width-initial elementor-widget elementor-widget-heading\" data-id=\"0e31d9f\" data-element_type=\"widget\" data-e-type=\"widget\" data-widget_type=\"heading.default\">\n\t\t\t\t<div class=\"elementor-widget-container\">\n\t\t\t\t\t<h2 class=\"elementor-heading-title elementor-size-default\">COSTA RICA - GUATEMALA - PANAMA  <br> \nEL SALVADOR - DOMINICAN REPUBLIC - ECUADOR<\/h2>\t\t\t\t<\/div>\n\t\t\t\t<\/div>\n\t\t\t\t\t<\/div>\n\t\t<\/div>\n\t\t\t\t<div class=\"elementor-column elementor-col-33 elementor-top-column elementor-element elementor-element-b72a0e7\" data-id=\"b72a0e7\" data-element_type=\"column\" data-e-type=\"column\">\n\t\t\t<div class=\"elementor-widget-wrap elementor-element-populated\">\n\t\t\t\t\t\t<div class=\"elementor-element elementor-element-5ee2238 elementor-widget-divider--view-line elementor-widget elementor-widget-divider\" data-id=\"5ee2238\" data-element_type=\"widget\" data-e-type=\"widget\" data-widget_type=\"divider.default\">\n\t\t\t\t<div class=\"elementor-widget-container\">\n\t\t\t\t\t\t\t<div class=\"elementor-divider\">\n\t\t\t<span class=\"elementor-divider-separator\">\n\t\t\t\t\t\t<\/span>\n\t\t<\/div>\n\t\t\t\t\t\t<\/div>\n\t\t\t\t<\/div>\n\t\t\t\t\t<\/div>\n\t\t<\/div>\n\t\t\t\t\t<\/div>\n\t\t<\/section>\n\t\t\t\t<section class=\"elementor-section elementor-top-section elementor-element elementor-element-7fbfe4c elementor-section-full_width elementor-hidden-mobile elementor-section-height-default elementor-section-height-default\" data-id=\"7fbfe4c\" data-element_type=\"section\" data-e-type=\"section\">\n\t\t\t\t\t\t<div class=\"elementor-container elementor-column-gap-default\">\n\t\t\t\t\t<div class=\"elementor-column elementor-col-100 elementor-top-column elementor-element elementor-element-284d3a5\" data-id=\"284d3a5\" data-element_type=\"column\" data-e-type=\"column\">\n\t\t\t<div class=\"elementor-widget-wrap elementor-element-populated\">\n\t\t\t\t\t\t<div class=\"elementor-element elementor-element-c5697d2 elementor-widget__width-initial elementor-widget elementor-widget-image\" data-id=\"c5697d2\" data-element_type=\"widget\" data-e-type=\"widget\" data-widget_type=\"image.default\">\n\t\t\t\t<div class=\"elementor-widget-container\">\n\t\t\t\t\t\t\t\t\t\t\t\t\t\t\t<img fetchpriority=\"high\" decoding=\"async\" width=\"2880\" height=\"1152\" src=\"https:\/\/ar-holdings.com\/wp-content\/uploads\/2024\/11\/ARH_2880x1152_BannerEscritorio-AjustesSitioWeb-ING.jpg\" class=\"attachment-full size-full wp-image-5335\" alt=\"\" srcset=\"https:\/\/ar-holdings.com\/wp-content\/uploads\/2024\/11\/ARH_2880x1152_BannerEscritorio-AjustesSitioWeb-ING.jpg 2880w, https:\/\/ar-holdings.com\/wp-content\/uploads\/2024\/11\/ARH_2880x1152_BannerEscritorio-AjustesSitioWeb-ING-300x120.jpg 300w, https:\/\/ar-holdings.com\/wp-content\/uploads\/2024\/11\/ARH_2880x1152_BannerEscritorio-AjustesSitioWeb-ING-1024x410.jpg 1024w, https:\/\/ar-holdings.com\/wp-content\/uploads\/2024\/11\/ARH_2880x1152_BannerEscritorio-AjustesSitioWeb-ING-768x307.jpg 768w, https:\/\/ar-holdings.com\/wp-content\/uploads\/2024\/11\/ARH_2880x1152_BannerEscritorio-AjustesSitioWeb-ING-1536x614.jpg 1536w, https:\/\/ar-holdings.com\/wp-content\/uploads\/2024\/11\/ARH_2880x1152_BannerEscritorio-AjustesSitioWeb-ING-2048x819.jpg 2048w, https:\/\/ar-holdings.com\/wp-content\/uploads\/2024\/11\/ARH_2880x1152_BannerEscritorio-AjustesSitioWeb-ING-18x7.jpg 18w\" sizes=\"(max-width: 2880px) 100vw, 2880px\" \/>\t\t\t\t\t\t\t\t\t\t\t\t\t\t\t<\/div>\n\t\t\t\t<\/div>\n\t\t\t\t\t<\/div>\n\t\t<\/div>\n\t\t\t\t\t<\/div>\n\t\t<\/section>\n\t\t\t\t<section class=\"elementor-section elementor-top-section elementor-element elementor-element-fa462f1 elementor-hidden-desktop elementor-hidden-tablet elementor-section-boxed elementor-section-height-default elementor-section-height-default\" data-id=\"fa462f1\" data-element_type=\"section\" data-e-type=\"section\">\n\t\t\t\t\t\t<div class=\"elementor-container elementor-column-gap-default\">\n\t\t\t\t\t<div class=\"elementor-column elementor-col-100 elementor-top-column elementor-element elementor-element-a583510\" data-id=\"a583510\" data-element_type=\"column\" data-e-type=\"column\">\n\t\t\t<div class=\"elementor-widget-wrap elementor-element-populated\">\n\t\t\t\t\t\t<div class=\"elementor-element elementor-element-06c93ab elementor-widget elementor-widget-image\" data-id=\"06c93ab\" data-element_type=\"widget\" data-e-type=\"widget\" data-widget_type=\"image.default\">\n\t\t\t\t<div class=\"elementor-widget-container\">\n\t\t\t\t\t\t\t\t\t\t\t\t\t\t\t<img decoding=\"async\" width=\"698\" height=\"1024\" src=\"https:\/\/ar-holdings.com\/wp-content\/uploads\/2024\/11\/ARH_Movil_750pxx1100px_banner-Sitio-Web-ARH-ING-698x1024.jpg\" class=\"attachment-large size-large wp-image-5366\" alt=\"\" srcset=\"https:\/\/ar-holdings.com\/wp-content\/uploads\/2024\/11\/ARH_Movil_750pxx1100px_banner-Sitio-Web-ARH-ING-698x1024.jpg 698w, https:\/\/ar-holdings.com\/wp-content\/uploads\/2024\/11\/ARH_Movil_750pxx1100px_banner-Sitio-Web-ARH-ING-205x300.jpg 205w, https:\/\/ar-holdings.com\/wp-content\/uploads\/2024\/11\/ARH_Movil_750pxx1100px_banner-Sitio-Web-ARH-ING-8x12.jpg 8w, https:\/\/ar-holdings.com\/wp-content\/uploads\/2024\/11\/ARH_Movil_750pxx1100px_banner-Sitio-Web-ARH-ING.jpg 750w\" sizes=\"(max-width: 698px) 100vw, 698px\" \/>\t\t\t\t\t\t\t\t\t\t\t\t\t\t\t<\/div>\n\t\t\t\t<\/div>\n\t\t\t\t\t<\/div>\n\t\t<\/div>\n\t\t\t\t\t<\/div>\n\t\t<\/section>\n\t\t\t\t<section class=\"elementor-section elementor-top-section elementor-element elementor-element-ac02bf9 elementor-section-boxed elementor-section-height-default elementor-section-height-default\" data-id=\"ac02bf9\" data-element_type=\"section\" data-e-type=\"section\">\n\t\t\t\t\t\t<div class=\"elementor-container elementor-column-gap-default\">\n\t\t\t\t\t<div class=\"elementor-column elementor-col-100 elementor-top-column elementor-element elementor-element-e403df4\" data-id=\"e403df4\" data-element_type=\"column\" data-e-type=\"column\">\n\t\t\t<div class=\"elementor-widget-wrap elementor-element-populated\">\n\t\t\t\t\t\t<div class=\"elementor-element elementor-element-4ca4aec elementor-widget-divider--view-line elementor-widget elementor-widget-divider\" data-id=\"4ca4aec\" data-element_type=\"widget\" data-e-type=\"widget\" data-widget_type=\"divider.default\">\n\t\t\t\t<div class=\"elementor-widget-container\">\n\t\t\t\t\t\t\t<div class=\"elementor-divider\">\n\t\t\t<span class=\"elementor-divider-separator\">\n\t\t\t\t\t\t<\/span>\n\t\t<\/div>\n\t\t\t\t\t\t<\/div>\n\t\t\t\t<\/div>\n\t\t\t\t<div class=\"elementor-element elementor-element-1c62acc elementor-widget-divider--view-line elementor-widget elementor-widget-divider\" data-id=\"1c62acc\" data-element_type=\"widget\" data-e-type=\"widget\" data-widget_type=\"divider.default\">\n\t\t\t\t<div class=\"elementor-widget-container\">\n\t\t\t\t\t\t\t<div class=\"elementor-divider\">\n\t\t\t<span class=\"elementor-divider-separator\">\n\t\t\t\t\t\t<\/span>\n\t\t<\/div>\n\t\t\t\t\t\t<\/div>\n\t\t\t\t<\/div>\n\t\t\t\t\t<\/div>\n\t\t<\/div>\n\t\t\t\t\t<\/div>\n\t\t<\/section>\n\t\t\t\t<\/div>","protected":false},"excerpt":{"rendered":"<p>presencia presencia COSTA RICA &#8211; GUATEMALA- PANAM\u00c1 EL SALVADOR &#8211; ECUADOR rep\u00fablica dominicana COSTA RICA &#8211; GUATEMALA- PANAM\u00c1 EL SALVADOR &#8211; rep\u00fablica dominicana &#8211; ecuador<\/p>","protected":false},"author":1,"featured_media":0,"parent":0,"menu_order":0,"comment_status":"closed","ping_status":"closed","template":"","meta":{"footnotes":""},"class_list":["post-3585","page","type-page","status-publish","hentry"],"yoast_head":"<!-- This site is optimized with the Yoast SEO plugin v27.4 - https:\/\/yoast.com\/product\/yoast-seo-wordpress\/ -->\n<title>Presencia - AR Holdings<\/title>\n<meta name=\"robots\" content=\"index, follow, max-snippet:-1, max-image-preview:large, max-video-preview:-1\" \/>\n<link rel=\"canonical\" href=\"https:\/\/ar-holdings.com\/en\/presencia\/\" \/>\n<meta property=\"og:locale\" content=\"en_US\" \/>\n<meta property=\"og:type\" content=\"article\" \/>\n<meta property=\"og:title\" content=\"Presencia - AR Holdings\" \/>\n<meta property=\"og:description\" content=\"presencia presencia COSTA RICA &#8211; GUATEMALA- PANAM\u00c1 EL SALVADOR &#8211; ECUADOR rep\u00fablica dominicana COSTA RICA &#8211; GUATEMALA- PANAM\u00c1 EL SALVADOR &#8211; rep\u00fablica dominicana &#8211; ecuador\" \/>\n<meta property=\"og:url\" content=\"https:\/\/ar-holdings.com\/en\/presencia\/\" \/>\n<meta property=\"og:site_name\" content=\"AR Holdings\" \/>\n<meta property=\"article:publisher\" content=\"https:\/\/www.facebook.com\/JohnnyRocketsCR\/\" \/>\n<meta property=\"article:modified_time\" content=\"2024-12-04T17:50:07+00:00\" \/>\n<meta property=\"og:image\" content=\"https:\/\/ar-holdings.com\/wp-content\/uploads\/2024\/10\/MapaAR_Escritorio_2880x1152_Ajustes-Sitio-Web-ARH.png\" \/>\n\t<meta property=\"og:image:width\" content=\"2880\" \/>\n\t<meta property=\"og:image:height\" content=\"1152\" \/>\n\t<meta property=\"og:image:type\" content=\"image\/png\" \/>\n<meta name=\"twitter:card\" content=\"summary_large_image\" \/>\n<meta name=\"twitter:label1\" content=\"Est. reading time\" \/>\n\t<meta name=\"twitter:data1\" content=\"1 minute\" \/>\n<script type=\"application\/ld+json\" class=\"yoast-schema-graph\">{\"@context\":\"https:\\\/\\\/schema.org\",\"@graph\":[{\"@type\":\"WebPage\",\"@id\":\"https:\\\/\\\/ar-holdings.com\\\/presencia\\\/\",\"url\":\"https:\\\/\\\/ar-holdings.com\\\/presencia\\\/\",\"name\":\"Presencia - AR Holdings\",\"isPartOf\":{\"@id\":\"https:\\\/\\\/ar-holdings.com\\\/es_es\\\/#website\"},\"primaryImageOfPage\":{\"@id\":\"https:\\\/\\\/ar-holdings.com\\\/presencia\\\/#primaryimage\"},\"image\":{\"@id\":\"https:\\\/\\\/ar-holdings.com\\\/presencia\\\/#primaryimage\"},\"thumbnailUrl\":\"https:\\\/\\\/ar-holdings.com\\\/wp-content\\\/uploads\\\/2024\\\/10\\\/MapaAR_Escritorio_2880x1152_Ajustes-Sitio-Web-ARH.png\",\"datePublished\":\"2024-10-04T15:28:41+00:00\",\"dateModified\":\"2024-12-04T17:50:07+00:00\",\"breadcrumb\":{\"@id\":\"https:\\\/\\\/ar-holdings.com\\\/presencia\\\/#breadcrumb\"},\"inLanguage\":\"en-US\",\"potentialAction\":[{\"@type\":\"ReadAction\",\"target\":[\"https:\\\/\\\/ar-holdings.com\\\/presencia\\\/\"]}]},{\"@type\":\"ImageObject\",\"inLanguage\":\"en-US\",\"@id\":\"https:\\\/\\\/ar-holdings.com\\\/presencia\\\/#primaryimage\",\"url\":\"https:\\\/\\\/ar-holdings.com\\\/wp-content\\\/uploads\\\/2024\\\/10\\\/MapaAR_Escritorio_2880x1152_Ajustes-Sitio-Web-ARH.png\",\"contentUrl\":\"https:\\\/\\\/ar-holdings.com\\\/wp-content\\\/uploads\\\/2024\\\/10\\\/MapaAR_Escritorio_2880x1152_Ajustes-Sitio-Web-ARH.png\"},{\"@type\":\"BreadcrumbList\",\"@id\":\"https:\\\/\\\/ar-holdings.com\\\/presencia\\\/#breadcrumb\",\"itemListElement\":[{\"@type\":\"ListItem\",\"position\":1,\"name\":\"Portada\",\"item\":\"https:\\\/\\\/ar-holdings.com\\\/\"},{\"@type\":\"ListItem\",\"position\":2,\"name\":\"Presencia\"}]},{\"@type\":\"WebSite\",\"@id\":\"https:\\\/\\\/ar-holdings.com\\\/es_es\\\/#website\",\"url\":\"https:\\\/\\\/ar-holdings.com\\\/es_es\\\/\",\"name\":\"AR Holdings\",\"description\":\"\",\"publisher\":{\"@id\":\"https:\\\/\\\/ar-holdings.com\\\/es_es\\\/#organization\"},\"potentialAction\":[{\"@type\":\"SearchAction\",\"target\":{\"@type\":\"EntryPoint\",\"urlTemplate\":\"https:\\\/\\\/ar-holdings.com\\\/es_es\\\/?s={search_term_string}\"},\"query-input\":{\"@type\":\"PropertyValueSpecification\",\"valueRequired\":true,\"valueName\":\"search_term_string\"}}],\"inLanguage\":\"en-US\"},{\"@type\":\"Organization\",\"@id\":\"https:\\\/\\\/ar-holdings.com\\\/es_es\\\/#organization\",\"name\":\"AR Holdings\",\"url\":\"https:\\\/\\\/ar-holdings.com\\\/es_es\\\/\",\"logo\":{\"@type\":\"ImageObject\",\"inLanguage\":\"en-US\",\"@id\":\"https:\\\/\\\/ar-holdings.com\\\/es_es\\\/#\\\/schema\\\/logo\\\/image\\\/\",\"url\":\"https:\\\/\\\/ar-holdings.com\\\/wp-content\\\/uploads\\\/2023\\\/05\\\/ARH-Logo-Gradiente-01-1.png\",\"contentUrl\":\"https:\\\/\\\/ar-holdings.com\\\/wp-content\\\/uploads\\\/2023\\\/05\\\/ARH-Logo-Gradiente-01-1.png\",\"width\":1176,\"height\":293,\"caption\":\"AR Holdings\"},\"image\":{\"@id\":\"https:\\\/\\\/ar-holdings.com\\\/es_es\\\/#\\\/schema\\\/logo\\\/image\\\/\"},\"sameAs\":[\"https:\\\/\\\/www.facebook.com\\\/JohnnyRocketsCR\\\/\",\"https:\\\/\\\/www.instagram.com\\\/johnnyrockets_cr\\\/?hl=en\"]}]}<\/script>\n<!-- \/ Yoast SEO plugin. -->","yoast_head_json":{"title":"Presencia - AR Holdings","robots":{"index":"index","follow":"follow","max-snippet":"max-snippet:-1","max-image-preview":"max-image-preview:large","max-video-preview":"max-video-preview:-1"},"canonical":"https:\/\/ar-holdings.com\/en\/presencia\/","og_locale":"en_US","og_type":"article","og_title":"Presencia - AR Holdings","og_description":"presencia presencia COSTA RICA &#8211; GUATEMALA- PANAM\u00c1 EL SALVADOR &#8211; ECUADOR rep\u00fablica dominicana COSTA RICA &#8211; GUATEMALA- PANAM\u00c1 EL SALVADOR &#8211; rep\u00fablica dominicana &#8211; ecuador","og_url":"https:\/\/ar-holdings.com\/en\/presencia\/","og_site_name":"AR Holdings","article_publisher":"https:\/\/www.facebook.com\/JohnnyRocketsCR\/","article_modified_time":"2024-12-04T17:50:07+00:00","og_image":[{"width":2880,"height":1152,"url":"https:\/\/ar-holdings.com\/wp-content\/uploads\/2024\/10\/MapaAR_Escritorio_2880x1152_Ajustes-Sitio-Web-ARH.png","type":"image\/png"}],"twitter_card":"summary_large_image","twitter_misc":{"Est. reading time":"1 minute"},"schema":{"@context":"https:\/\/schema.org","@graph":[{"@type":"WebPage","@id":"https:\/\/ar-holdings.com\/presencia\/","url":"https:\/\/ar-holdings.com\/presencia\/","name":"Presencia - AR Holdings","isPartOf":{"@id":"https:\/\/ar-holdings.com\/es_es\/#website"},"primaryImageOfPage":{"@id":"https:\/\/ar-holdings.com\/presencia\/#primaryimage"},"image":{"@id":"https:\/\/ar-holdings.com\/presencia\/#primaryimage"},"thumbnailUrl":"https:\/\/ar-holdings.com\/wp-content\/uploads\/2024\/10\/MapaAR_Escritorio_2880x1152_Ajustes-Sitio-Web-ARH.png","datePublished":"2024-10-04T15:28:41+00:00","dateModified":"2024-12-04T17:50:07+00:00","breadcrumb":{"@id":"https:\/\/ar-holdings.com\/presencia\/#breadcrumb"},"inLanguage":"en-US","potentialAction":[{"@type":"ReadAction","target":["https:\/\/ar-holdings.com\/presencia\/"]}]},{"@type":"ImageObject","inLanguage":"en-US","@id":"https:\/\/ar-holdings.com\/presencia\/#primaryimage","url":"https:\/\/ar-holdings.com\/wp-content\/uploads\/2024\/10\/MapaAR_Escritorio_2880x1152_Ajustes-Sitio-Web-ARH.png","contentUrl":"https:\/\/ar-holdings.com\/wp-content\/uploads\/2024\/10\/MapaAR_Escritorio_2880x1152_Ajustes-Sitio-Web-ARH.png"},{"@type":"BreadcrumbList","@id":"https:\/\/ar-holdings.com\/presencia\/#breadcrumb","itemListElement":[{"@type":"ListItem","position":1,"name":"Portada","item":"https:\/\/ar-holdings.com\/"},{"@type":"ListItem","position":2,"name":"Presencia"}]},{"@type":"WebSite","@id":"https:\/\/ar-holdings.com\/es_es\/#website","url":"https:\/\/ar-holdings.com\/es_es\/","name":"AR Holdings","description":"","publisher":{"@id":"https:\/\/ar-holdings.com\/es_es\/#organization"},"potentialAction":[{"@type":"SearchAction","target":{"@type":"EntryPoint","urlTemplate":"https:\/\/ar-holdings.com\/es_es\/?s={search_term_string}"},"query-input":{"@type":"PropertyValueSpecification","valueRequired":true,"valueName":"search_term_string"}}],"inLanguage":"en-US"},{"@type":"Organization","@id":"https:\/\/ar-holdings.com\/es_es\/#organization","name":"AR Holdings","url":"https:\/\/ar-holdings.com\/es_es\/","logo":{"@type":"ImageObject","inLanguage":"en-US","@id":"https:\/\/ar-holdings.com\/es_es\/#\/schema\/logo\/image\/","url":"https:\/\/ar-holdings.com\/wp-content\/uploads\/2023\/05\/ARH-Logo-Gradiente-01-1.png","contentUrl":"https:\/\/ar-holdings.com\/wp-content\/uploads\/2023\/05\/ARH-Logo-Gradiente-01-1.png","width":1176,"height":293,"caption":"AR Holdings"},"image":{"@id":"https:\/\/ar-holdings.com\/es_es\/#\/schema\/logo\/image\/"},"sameAs":["https:\/\/www.facebook.com\/JohnnyRocketsCR\/","https:\/\/www.instagram.com\/johnnyrockets_cr\/?hl=en"]}]}},"_links":{"self":[{"href":"https:\/\/ar-holdings.com\/en\/wp-json\/wp\/v2\/pages\/3585","targetHints":{"allow":["GET"]}}],"collection":[{"href":"https:\/\/ar-holdings.com\/en\/wp-json\/wp\/v2\/pages"}],"about":[{"href":"https:\/\/ar-holdings.com\/en\/wp-json\/wp\/v2\/types\/page"}],"author":[{"embeddable":true,"href":"https:\/\/ar-holdings.com\/en\/wp-json\/wp\/v2\/users\/1"}],"replies":[{"embeddable":true,"href":"https:\/\/ar-holdings.com\/en\/wp-json\/wp\/v2\/comments?post=3585"}],"version-history":[{"count":196,"href":"https:\/\/ar-holdings.com\/en\/wp-json\/wp\/v2\/pages\/3585\/revisions"}],"predecessor-version":[{"id":5608,"href":"https:\/\/ar-holdings.com\/en\/wp-json\/wp\/v2\/pages\/3585\/revisions\/5608"}],"wp:attachment":[{"href":"https:\/\/ar-holdings.com\/en\/wp-json\/wp\/v2\/media?parent=3585"}],"curies":[{"name":"wp","href":"https:\/\/api.w.org\/{rel}","templated":true}]}}