{"id":3553,"date":"2024-09-24T08:15:17","date_gmt":"2024-09-24T14:15:17","guid":{"rendered":"https:\/\/98.82.204.26\/?page_id=3553"},"modified":"2024-12-04T16:29:04","modified_gmt":"2024-12-04T22:29:04","slug":"hogar","status":"publish","type":"page","link":"https:\/\/ar-holdings.com\/en\/hogar\/","title":{"rendered":"Home"},"content":{"rendered":"<div data-elementor-type=\"wp-page\" data-elementor-id=\"3553\" class=\"elementor elementor-3553\" data-elementor-post-type=\"page\">\n\t\t\t\t\t\t<section class=\"elementor-section elementor-top-section elementor-element elementor-element-7376d844 elementor-section-boxed elementor-section-height-default elementor-section-height-default\" data-id=\"7376d844\" data-element_type=\"section\" data-e-type=\"section\">\n\t\t\t\t\t\t<div class=\"elementor-container elementor-column-gap-no\">\n\t\t\t\t\t<div class=\"elementor-column elementor-col-100 elementor-top-column elementor-element elementor-element-49947b14\" data-id=\"49947b14\" data-element_type=\"column\" data-e-type=\"column\">\n\t\t\t<div class=\"elementor-widget-wrap elementor-element-populated\">\n\t\t\t\t\t\t<div class=\"elementor-element elementor-element-6602ec3c elementor-widget elementor-widget-heading\" data-id=\"6602ec3c\" data-element_type=\"widget\" data-e-type=\"widget\" data-widget_type=\"heading.default\">\n\t\t\t\t<div class=\"elementor-widget-container\">\n\t\t\t\t\t<h1 class=\"elementor-heading-title elementor-size-default\">HOME<\/h1>\t\t\t\t<\/div>\n\t\t\t\t<\/div>\n\t\t\t\t<div class=\"elementor-element elementor-element-4df69280 elementor-widget elementor-widget-text-editor\" data-id=\"4df69280\" data-element_type=\"widget\" data-e-type=\"widget\" data-widget_type=\"text-editor.default\">\n\t\t\t\t<div class=\"elementor-widget-container\">\n\t\t\t\t\t\t\t\t\t<p>Our strategic portfolio includes internationally recognized brands such as Crate and Barrel.<\/p>\t\t\t\t\t\t\t\t<\/div>\n\t\t\t\t<\/div>\n\t\t\t\t\t<\/div>\n\t\t<\/div>\n\t\t\t\t\t<\/div>\n\t\t<\/section>\n\t\t\t\t<section class=\"elementor-section elementor-top-section elementor-element elementor-element-1e3d91a elementor-section-boxed elementor-section-height-default elementor-section-height-default\" data-id=\"1e3d91a\" data-element_type=\"section\" data-e-type=\"section\">\n\t\t\t\t\t\t<div class=\"elementor-container elementor-column-gap-default\">\n\t\t\t\t\t<div class=\"elementor-column elementor-col-50 elementor-top-column elementor-element elementor-element-58fffc6\" data-id=\"58fffc6\" data-element_type=\"column\" data-e-type=\"column\">\n\t\t\t<div class=\"elementor-widget-wrap elementor-element-populated\">\n\t\t\t\t\t\t<div class=\"elementor-element elementor-element-9882a99 elementor-widget__width-initial elementor-widget-tablet__width-initial elementor-widget elementor-widget-text-editor\" data-id=\"9882a99\" data-element_type=\"widget\" data-e-type=\"widget\" data-widget_type=\"text-editor.default\">\n\t\t\t\t<div class=\"elementor-widget-container\">\n\t\t\t\t\t\t\t\t\t<p><span data-teams=\"true\"><span class=\"ui-provider a b c d e f g h i j k l m n o p q r s t u v w x y z ab ac ae af ag ah ai aj ak\" dir=\"ltr\">Since 2017, we\u2019ve been creating dream homes in collaboration with our strategic partners. With three retail locations in Costa Rica and a thriving online store.\u00a0<\/span><\/span><\/p>\t\t\t\t\t\t\t\t<\/div>\n\t\t\t\t<\/div>\n\t\t\t\t\t<\/div>\n\t\t<\/div>\n\t\t\t\t<div class=\"elementor-column elementor-col-50 elementor-top-column elementor-element elementor-element-3372e79\" data-id=\"3372e79\" data-element_type=\"column\" data-e-type=\"column\" data-settings=\"{&quot;background_background&quot;:&quot;classic&quot;}\">\n\t\t\t<div class=\"elementor-widget-wrap elementor-element-populated\">\n\t\t\t\t\t\t<div class=\"elementor-element elementor-element-5112d8e1 elementor-cta--skin-cover elementor-cta--valign-bottom elementor-widget__width-initial elementor-widget-tablet__width-initial elementor-animated-content elementor-bg-transform elementor-bg-transform-zoom-in elementor-widget elementor-widget-call-to-action\" data-id=\"5112d8e1\" data-element_type=\"widget\" data-e-type=\"widget\" data-widget_type=\"call-to-action.default\">\n\t\t\t\t<div class=\"elementor-widget-container\">\n\t\t\t\t\t\t\t<div class=\"elementor-cta\">\n\t\t\t\t\t<div class=\"elementor-cta__bg-wrapper\">\n\t\t\t\t<div class=\"elementor-cta__bg elementor-bg\" style=\"background-image: url(https:\/\/ar-holdings.com\/wp-content\/uploads\/2024\/12\/CB_SP24_DDE_01_314_Hor_078_MASTER_X-min.jpg);\" role=\"img\" aria-label=\"Crate and Barrel\"><\/div>\n\t\t\t\t<div class=\"elementor-cta__bg-overlay\"><\/div>\n\t\t\t<\/div>\n\t\t\t\t\t\t\t<div class=\"elementor-cta__content\">\n\t\t\t\t\n\t\t\t\t\t\t\t\t\t<h2 class=\"elementor-cta__title elementor-cta__content-item elementor-content-item elementor-animated-item--grow\">\n\t\t\t\t\t\tCRATE AND BARREL\t\t\t\t\t<\/h2>\n\t\t\t\t\n\t\t\t\t\n\t\t\t\t\t\t\t\t\t<div class=\"elementor-cta__button-wrapper elementor-cta__content-item elementor-content-item elementor-animated-item--grow\">\n\t\t\t\t\t<a class=\"elementor-cta__button elementor-button elementor-size-\" href=\"https:\/\/www.crateandbarrel.co.cr\/\">\n\t\t\t\t\t\tLearn More\t\t\t\t\t<\/a>\n\t\t\t\t\t<\/div>\n\t\t\t\t\t\t\t<\/div>\n\t\t\t\t\t\t<\/div>\n\t\t\t\t\t\t<\/div>\n\t\t\t\t<\/div>\n\t\t\t\t\t<\/div>\n\t\t<\/div>\n\t\t\t\t\t<\/div>\n\t\t<\/section>\n\t\t\t\t<section class=\"elementor-section elementor-top-section elementor-element elementor-element-3a28686 elementor-section-boxed elementor-section-height-default elementor-section-height-default\" data-id=\"3a28686\" data-element_type=\"section\" data-e-type=\"section\">\n\t\t\t\t\t\t<div class=\"elementor-container elementor-column-gap-default\">\n\t\t\t\t\t<div class=\"elementor-column elementor-col-100 elementor-top-column elementor-element elementor-element-5f0cad2\" data-id=\"5f0cad2\" data-element_type=\"column\" data-e-type=\"column\">\n\t\t\t<div class=\"elementor-widget-wrap elementor-element-populated\">\n\t\t\t\t\t\t<div class=\"elementor-element elementor-element-845fa0b elementor-widget elementor-widget-spacer\" data-id=\"845fa0b\" data-element_type=\"widget\" data-e-type=\"widget\" data-widget_type=\"spacer.default\">\n\t\t\t\t<div class=\"elementor-widget-container\">\n\t\t\t\t\t\t\t<div class=\"elementor-spacer\">\n\t\t\t<div class=\"elementor-spacer-inner\"><\/div>\n\t\t<\/div>\n\t\t\t\t\t\t<\/div>\n\t\t\t\t<\/div>\n\t\t\t\t\t<\/div>\n\t\t<\/div>\n\t\t\t\t\t<\/div>\n\t\t<\/section>\n\t\t\t\t<\/div>","protected":false},"excerpt":{"rendered":"<p>HOGAR Nuestro portafolio estrat\u00e9gico incluye marcas reconocidas internacionalmente como Crate and Barrel. Creando hogares so\u00f1ados desde el 2017 de la mano de nuestros partners estrat\u00e9gicos, con tres puntos de venta en el territorio costarricense y una prometedora tienda en l\u00ednea, convirti\u00e9ndonos en un destino internacional en donde nuestros clientes pueden darle vida a sus espacios, [&hellip;]<\/p>\n","protected":false},"author":1,"featured_media":0,"parent":0,"menu_order":0,"comment_status":"closed","ping_status":"closed","template":"","meta":{"footnotes":""},"class_list":["post-3553","page","type-page","status-publish","hentry"],"yoast_head":"<!-- This site is optimized with the Yoast SEO plugin v27.5 - https:\/\/yoast.com\/product\/yoast-seo-wordpress\/ -->\n<title>Hogar - AR Holdings<\/title>\n<meta name=\"robots\" content=\"index, follow, max-snippet:-1, max-image-preview:large, max-video-preview:-1\" \/>\n<link rel=\"canonical\" href=\"https:\/\/ar-holdings.com\/en\/hogar\/\" \/>\n<meta property=\"og:locale\" content=\"en_US\" \/>\n<meta property=\"og:type\" content=\"article\" \/>\n<meta property=\"og:title\" content=\"Hogar - AR Holdings\" \/>\n<meta property=\"og:description\" content=\"HOGAR Nuestro portafolio estrat\u00e9gico incluye marcas reconocidas internacionalmente como Crate and Barrel. Creando hogares so\u00f1ados desde el 2017 de la mano de nuestros partners estrat\u00e9gicos, con tres puntos de venta en el territorio costarricense y una prometedora tienda en l\u00ednea, convirti\u00e9ndonos en un destino internacional en donde nuestros clientes pueden darle vida a sus espacios, [&hellip;]\" \/>\n<meta property=\"og:url\" content=\"https:\/\/ar-holdings.com\/en\/hogar\/\" \/>\n<meta property=\"og:site_name\" content=\"AR Holdings\" \/>\n<meta property=\"article:publisher\" content=\"https:\/\/www.facebook.com\/JohnnyRocketsCR\/\" \/>\n<meta property=\"article:modified_time\" content=\"2024-12-04T22:29:04+00:00\" \/>\n<meta name=\"twitter:card\" content=\"summary_large_image\" \/>\n<meta name=\"twitter:label1\" content=\"Est. reading time\" \/>\n\t<meta name=\"twitter:data1\" content=\"1 minute\" \/>\n<script type=\"application\/ld+json\" class=\"yoast-schema-graph\">{\"@context\":\"https:\\\/\\\/schema.org\",\"@graph\":[{\"@type\":\"WebPage\",\"@id\":\"https:\\\/\\\/ar-holdings.com\\\/hogar\\\/\",\"url\":\"https:\\\/\\\/ar-holdings.com\\\/hogar\\\/\",\"name\":\"Hogar - AR Holdings\",\"isPartOf\":{\"@id\":\"https:\\\/\\\/ar-holdings.com\\\/es_es\\\/#website\"},\"datePublished\":\"2024-09-24T14:15:17+00:00\",\"dateModified\":\"2024-12-04T22:29:04+00:00\",\"breadcrumb\":{\"@id\":\"https:\\\/\\\/ar-holdings.com\\\/hogar\\\/#breadcrumb\"},\"inLanguage\":\"en-US\",\"potentialAction\":[{\"@type\":\"ReadAction\",\"target\":[\"https:\\\/\\\/ar-holdings.com\\\/hogar\\\/\"]}]},{\"@type\":\"BreadcrumbList\",\"@id\":\"https:\\\/\\\/ar-holdings.com\\\/hogar\\\/#breadcrumb\",\"itemListElement\":[{\"@type\":\"ListItem\",\"position\":1,\"name\":\"Portada\",\"item\":\"https:\\\/\\\/ar-holdings.com\\\/\"},{\"@type\":\"ListItem\",\"position\":2,\"name\":\"Hogar\"}]},{\"@type\":\"WebSite\",\"@id\":\"https:\\\/\\\/ar-holdings.com\\\/es_es\\\/#website\",\"url\":\"https:\\\/\\\/ar-holdings.com\\\/es_es\\\/\",\"name\":\"AR Holdings\",\"description\":\"\",\"publisher\":{\"@id\":\"https:\\\/\\\/ar-holdings.com\\\/es_es\\\/#organization\"},\"potentialAction\":[{\"@type\":\"SearchAction\",\"target\":{\"@type\":\"EntryPoint\",\"urlTemplate\":\"https:\\\/\\\/ar-holdings.com\\\/es_es\\\/?s={search_term_string}\"},\"query-input\":{\"@type\":\"PropertyValueSpecification\",\"valueRequired\":true,\"valueName\":\"search_term_string\"}}],\"inLanguage\":\"en-US\"},{\"@type\":\"Organization\",\"@id\":\"https:\\\/\\\/ar-holdings.com\\\/es_es\\\/#organization\",\"name\":\"AR Holdings\",\"url\":\"https:\\\/\\\/ar-holdings.com\\\/es_es\\\/\",\"logo\":{\"@type\":\"ImageObject\",\"inLanguage\":\"en-US\",\"@id\":\"https:\\\/\\\/ar-holdings.com\\\/es_es\\\/#\\\/schema\\\/logo\\\/image\\\/\",\"url\":\"https:\\\/\\\/ar-holdings.com\\\/wp-content\\\/uploads\\\/2023\\\/05\\\/ARH-Logo-Gradiente-01-1.png\",\"contentUrl\":\"https:\\\/\\\/ar-holdings.com\\\/wp-content\\\/uploads\\\/2023\\\/05\\\/ARH-Logo-Gradiente-01-1.png\",\"width\":1176,\"height\":293,\"caption\":\"AR Holdings\"},\"image\":{\"@id\":\"https:\\\/\\\/ar-holdings.com\\\/es_es\\\/#\\\/schema\\\/logo\\\/image\\\/\"},\"sameAs\":[\"https:\\\/\\\/www.facebook.com\\\/JohnnyRocketsCR\\\/\",\"https:\\\/\\\/www.instagram.com\\\/johnnyrockets_cr\\\/?hl=en\"]}]}<\/script>\n<!-- \/ Yoast SEO plugin. -->","yoast_head_json":{"title":"Hogar - AR Holdings","robots":{"index":"index","follow":"follow","max-snippet":"max-snippet:-1","max-image-preview":"max-image-preview:large","max-video-preview":"max-video-preview:-1"},"canonical":"https:\/\/ar-holdings.com\/en\/hogar\/","og_locale":"en_US","og_type":"article","og_title":"Hogar - AR Holdings","og_description":"HOGAR Nuestro portafolio estrat\u00e9gico incluye marcas reconocidas internacionalmente como Crate and Barrel. Creando hogares so\u00f1ados desde el 2017 de la mano de nuestros partners estrat\u00e9gicos, con tres puntos de venta en el territorio costarricense y una prometedora tienda en l\u00ednea, convirti\u00e9ndonos en un destino internacional en donde nuestros clientes pueden darle vida a sus espacios, [&hellip;]","og_url":"https:\/\/ar-holdings.com\/en\/hogar\/","og_site_name":"AR Holdings","article_publisher":"https:\/\/www.facebook.com\/JohnnyRocketsCR\/","article_modified_time":"2024-12-04T22:29:04+00:00","twitter_card":"summary_large_image","twitter_misc":{"Est. reading time":"1 minute"},"schema":{"@context":"https:\/\/schema.org","@graph":[{"@type":"WebPage","@id":"https:\/\/ar-holdings.com\/hogar\/","url":"https:\/\/ar-holdings.com\/hogar\/","name":"Hogar - AR Holdings","isPartOf":{"@id":"https:\/\/ar-holdings.com\/es_es\/#website"},"datePublished":"2024-09-24T14:15:17+00:00","dateModified":"2024-12-04T22:29:04+00:00","breadcrumb":{"@id":"https:\/\/ar-holdings.com\/hogar\/#breadcrumb"},"inLanguage":"en-US","potentialAction":[{"@type":"ReadAction","target":["https:\/\/ar-holdings.com\/hogar\/"]}]},{"@type":"BreadcrumbList","@id":"https:\/\/ar-holdings.com\/hogar\/#breadcrumb","itemListElement":[{"@type":"ListItem","position":1,"name":"Portada","item":"https:\/\/ar-holdings.com\/"},{"@type":"ListItem","position":2,"name":"Hogar"}]},{"@type":"WebSite","@id":"https:\/\/ar-holdings.com\/es_es\/#website","url":"https:\/\/ar-holdings.com\/es_es\/","name":"AR Holdings","description":"","publisher":{"@id":"https:\/\/ar-holdings.com\/es_es\/#organization"},"potentialAction":[{"@type":"SearchAction","target":{"@type":"EntryPoint","urlTemplate":"https:\/\/ar-holdings.com\/es_es\/?s={search_term_string}"},"query-input":{"@type":"PropertyValueSpecification","valueRequired":true,"valueName":"search_term_string"}}],"inLanguage":"en-US"},{"@type":"Organization","@id":"https:\/\/ar-holdings.com\/es_es\/#organization","name":"AR Holdings","url":"https:\/\/ar-holdings.com\/es_es\/","logo":{"@type":"ImageObject","inLanguage":"en-US","@id":"https:\/\/ar-holdings.com\/es_es\/#\/schema\/logo\/image\/","url":"https:\/\/ar-holdings.com\/wp-content\/uploads\/2023\/05\/ARH-Logo-Gradiente-01-1.png","contentUrl":"https:\/\/ar-holdings.com\/wp-content\/uploads\/2023\/05\/ARH-Logo-Gradiente-01-1.png","width":1176,"height":293,"caption":"AR Holdings"},"image":{"@id":"https:\/\/ar-holdings.com\/es_es\/#\/schema\/logo\/image\/"},"sameAs":["https:\/\/www.facebook.com\/JohnnyRocketsCR\/","https:\/\/www.instagram.com\/johnnyrockets_cr\/?hl=en"]}]}},"_links":{"self":[{"href":"https:\/\/ar-holdings.com\/en\/wp-json\/wp\/v2\/pages\/3553","targetHints":{"allow":["GET"]}}],"collection":[{"href":"https:\/\/ar-holdings.com\/en\/wp-json\/wp\/v2\/pages"}],"about":[{"href":"https:\/\/ar-holdings.com\/en\/wp-json\/wp\/v2\/types\/page"}],"author":[{"embeddable":true,"href":"https:\/\/ar-holdings.com\/en\/wp-json\/wp\/v2\/users\/1"}],"replies":[{"embeddable":true,"href":"https:\/\/ar-holdings.com\/en\/wp-json\/wp\/v2\/comments?post=3553"}],"version-history":[{"count":95,"href":"https:\/\/ar-holdings.com\/en\/wp-json\/wp\/v2\/pages\/3553\/revisions"}],"predecessor-version":[{"id":5700,"href":"https:\/\/ar-holdings.com\/en\/wp-json\/wp\/v2\/pages\/3553\/revisions\/5700"}],"wp:attachment":[{"href":"https:\/\/ar-holdings.com\/en\/wp-json\/wp\/v2\/media?parent=3553"}],"curies":[{"name":"wp","href":"https:\/\/api.w.org\/{rel}","templated":true}]}}